{"id":218,"date":"2025-06-21T01:03:45","date_gmt":"2025-06-21T04:03:45","guid":{"rendered":"https:\/\/w3cursos.com.br\/index.php\/termos-de-uso-politica-para-alunos-e-usuarios\/"},"modified":"2025-06-21T01:03:53","modified_gmt":"2025-06-21T04:03:53","slug":"termos-de-uso-politica-para-alunos-e-usuarios","status":"publish","type":"page","link":"https:\/\/w3cursos.com.br\/index.php\/termos-de-uso-politica-para-alunos-e-usuarios\/","title":{"rendered":"Termos de Uso \u2013 Pol\u00edtica para Alunos e Usu\u00e1rios"},"content":{"rendered":"\t\t<div data-elementor-type=\"wp-page\" data-elementor-id=\"218\" class=\"elementor elementor-218\" data-elementor-post-type=\"page\">\n\t\t\t\t<div class=\"elementor-element elementor-element-5541a07c e-flex e-con-boxed e-con e-parent\" data-id=\"5541a07c\" data-element_type=\"container\">\n\t\t\t\t\t<div class=\"e-con-inner\">\n\t\t\t\t<div class=\"elementor-element elementor-element-338b71b1 elementor-widget elementor-widget-heading\" data-id=\"338b71b1\" data-element_type=\"widget\" data-widget_type=\"heading.default\">\n\t\t\t\t<div class=\"elementor-widget-container\">\n\t\t\t\t\t<h2 class=\"elementor-heading-title elementor-size-default\">Termos de Uso \u2013 Pol\u00edtica para Alunos e Usu\u00e1rios<\/h2>\t\t\t\t<\/div>\n\t\t\t\t<\/div>\n\t\t\t\t<div class=\"elementor-element elementor-element-3fd9b74e elementor-widget elementor-widget-text-editor\" data-id=\"3fd9b74e\" data-element_type=\"widget\" data-widget_type=\"text-editor.default\">\n\t\t\t\t<div class=\"elementor-widget-container\">\n\t\t\t\t\t\t\t\t\t<p><strong>\u00daltima atualiza\u00e7\u00e3o: 23\/01\/2025 16:04<\/strong><\/p>\n<p>A privacidade dos nossos usu\u00e1rios \u00e9 uma prioridade para o <strong>cursos.contadores.cnt.br<\/strong>. Esta Pol\u00edtica de Privacidade descreve como utilizamos cookies e dados para melhorar sua experi\u00eancia na plataforma.<\/p>\n<p>Nosso compromisso \u00e9 claro: <strong>n\u00e3o coletamos ou armazenamos informa\u00e7\u00f5es pessoais identific\u00e1veis<\/strong> dos nossos usu\u00e1rios.<\/p>\t\t\t\t\t\t\t\t<\/div>\n\t\t\t\t<\/div>\n\t\t\t\t<div class=\"elementor-element elementor-element-22b6e022 elementor-widget elementor-widget-heading\" data-id=\"22b6e022\" data-element_type=\"widget\" data-widget_type=\"heading.default\">\n\t\t\t\t<div class=\"elementor-widget-container\">\n\t\t\t\t\t<h3 class=\"elementor-heading-title elementor-size-default\">1. Dados Coletados<\/h3>\t\t\t\t<\/div>\n\t\t\t\t<\/div>\n\t\t\t\t<div class=\"elementor-element elementor-element-3bd82ef0 elementor-widget elementor-widget-text-editor\" data-id=\"3bd82ef0\" data-element_type=\"widget\" data-widget_type=\"text-editor.default\">\n\t\t\t\t<div class=\"elementor-widget-container\">\n\t\t\t\t\t\t\t\t\t<p>A plataforma <strong>cursos.contadores.cnt.br<\/strong> utiliza apenas cookies para:<\/p><ul><li><strong>An\u00e1lise de tr\u00e1fego:<\/strong> Utilizamos ferramentas como Google Analytics para entender como os usu\u00e1rios interagem com nosso site, como p\u00e1ginas visitadas e tempo de perman\u00eancia. Esses dados s\u00e3o <strong>an\u00f4nimos<\/strong> e n\u00e3o identificam voc\u00ea pessoalmente.<\/li><li><strong>Rastreamento de links de afiliados:<\/strong> Ao clicar em links que direcionam para cursos em outras plataformas, utilizamos cookies para identificar o acesso gerado por nossa recomenda\u00e7\u00e3o, garantindo a rastreabilidade de comiss\u00f5es.<\/li><\/ul><p>N\u00e3o coletamos informa\u00e7\u00f5es como nome, e-mail, IP ou quaisquer dados pessoais que possam identificar o usu\u00e1rio.<\/p>\t\t\t\t\t\t\t\t<\/div>\n\t\t\t\t<\/div>\n\t\t\t\t<div class=\"elementor-element elementor-element-1e775f41 elementor-widget elementor-widget-heading\" data-id=\"1e775f41\" data-element_type=\"widget\" data-widget_type=\"heading.default\">\n\t\t\t\t<div class=\"elementor-widget-container\">\n\t\t\t\t\t<h3 class=\"elementor-heading-title elementor-size-default\">1. Somos Apenas uma Plataforma de Divulga\u00e7\u00e3o<\/h3>\t\t\t\t<\/div>\n\t\t\t\t<\/div>\n\t\t\t\t<div class=\"elementor-element elementor-element-2a05c8c2 elementor-widget elementor-widget-text-editor\" data-id=\"2a05c8c2\" data-element_type=\"widget\" data-widget_type=\"text-editor.default\">\n\t\t\t\t<div class=\"elementor-widget-container\">\n\t\t\t\t\t\t\t\t\t<p>O <strong>cursos.contadores.cnt.br<\/strong> atua exclusivamente como um <strong>divulgador de cursos<\/strong> hospedados em plataformas de terceiros. Nosso objetivo \u00e9 conectar os usu\u00e1rios a conte\u00fados de qualidade, por meio de links de afiliados, mas <strong>n\u00e3o temos envolvimento direto com a cria\u00e7\u00e3o, produ\u00e7\u00e3o ou suporte dos cursos oferecidos<\/strong>.<\/p>\t\t\t\t\t\t\t\t<\/div>\n\t\t\t\t<\/div>\n\t\t\t\t<div class=\"elementor-element elementor-element-1926d1f9 elementor-widget elementor-widget-heading\" data-id=\"1926d1f9\" data-element_type=\"widget\" data-widget_type=\"heading.default\">\n\t\t\t\t<div class=\"elementor-widget-container\">\n\t\t\t\t\t<h3 class=\"elementor-heading-title elementor-size-default\">2. Nossa Responsabilidade<\/h3>\t\t\t\t<\/div>\n\t\t\t\t<\/div>\n\t\t\t\t<div class=\"elementor-element elementor-element-4ccac232 elementor-widget elementor-widget-text-editor\" data-id=\"4ccac232\" data-element_type=\"widget\" data-widget_type=\"text-editor.default\">\n\t\t\t\t<div class=\"elementor-widget-container\">\n\t\t\t\t\t\t\t\t\t<p>A nossa responsabilidade limita-se a:<\/p><ul><li>Promover cursos e conte\u00fados relevantes para a \u00e1rea cont\u00e1bil.<\/li><li>Garantir que as informa\u00e7\u00f5es divulgadas estejam alinhadas com os dados fornecidos pelas plataformas que hospedam os cursos.<\/li><li>Fornecer links corretos para que o usu\u00e1rio acesse o curso na plataforma original.<\/li><\/ul>\t\t\t\t\t\t\t\t<\/div>\n\t\t\t\t<\/div>\n\t\t\t\t<div class=\"elementor-element elementor-element-3b62ffce elementor-widget elementor-widget-heading\" data-id=\"3b62ffce\" data-element_type=\"widget\" data-widget_type=\"heading.default\">\n\t\t\t\t<div class=\"elementor-widget-container\">\n\t\t\t\t\t<h3 class=\"elementor-heading-title elementor-size-default\">3. Responsabilidade das Plataformas e Produtores<\/h3>\t\t\t\t<\/div>\n\t\t\t\t<\/div>\n\t\t\t\t<div class=\"elementor-element elementor-element-71953cce elementor-widget elementor-widget-text-editor\" data-id=\"71953cce\" data-element_type=\"widget\" data-widget_type=\"text-editor.default\">\n\t\t\t\t<div class=\"elementor-widget-container\">\n\t\t\t\t\t\t\t\t\t<p>Todo o suporte, altera\u00e7\u00f5es no conte\u00fado, mudan\u00e7as de valores, emiss\u00e3o de certificados e quest\u00f5es relacionadas a pagamentos s\u00e3o de responsabilidade exclusiva:<\/p><ul><li><strong>Da plataforma onde o curso est\u00e1 hospedado<\/strong> (como ferramentas de ensino online).<\/li><li><strong>Do produtor ou desenvolvedor do curso.<\/strong><\/li><\/ul><p>Caso voc\u00ea enfrente qualquer problema com o curso adquirido, recomendamos entrar em contato diretamente com a plataforma ou o produtor respons\u00e1vel pelo curso.<\/p>\t\t\t\t\t\t\t\t<\/div>\n\t\t\t\t<\/div>\n\t\t\t\t<div class=\"elementor-element elementor-element-49f9fa76 elementor-widget elementor-widget-heading\" data-id=\"49f9fa76\" data-element_type=\"widget\" data-widget_type=\"heading.default\">\n\t\t\t\t<div class=\"elementor-widget-container\">\n\t\t\t\t\t<h3 class=\"elementor-heading-title elementor-size-default\">4. Sobre Pagamentos e Valores<\/h3>\t\t\t\t<\/div>\n\t\t\t\t<\/div>\n\t\t\t\t<div class=\"elementor-element elementor-element-6a61356e elementor-widget elementor-widget-text-editor\" data-id=\"6a61356e\" data-element_type=\"widget\" data-widget_type=\"text-editor.default\">\n\t\t\t\t<div class=\"elementor-widget-container\">\n\t\t\t\t\t\t\t\t\t<ul><li>O <strong>cursos.contadores.cnt.br<\/strong> n\u00e3o gerencia, processa ou interfere nos pagamentos realizados.<\/li><li>Quaisquer d\u00favidas ou problemas relacionados a pagamentos, reembolsos ou valores devem ser resolvidos diretamente com a plataforma de hospedagem do curso.<\/li><li>Altera\u00e7\u00f5es nos pre\u00e7os podem ocorrer a crit\u00e9rio das plataformas ou produtores, e <strong>n\u00e3o nos responsabilizamos por diferen\u00e7as de valores ou promo\u00e7\u00f5es divulgadas.<\/strong><\/li><\/ul>\t\t\t\t\t\t\t\t<\/div>\n\t\t\t\t<\/div>\n\t\t\t\t<div class=\"elementor-element elementor-element-1f3d2502 elementor-widget elementor-widget-heading\" data-id=\"1f3d2502\" data-element_type=\"widget\" data-widget_type=\"heading.default\">\n\t\t\t\t<div class=\"elementor-widget-container\">\n\t\t\t\t\t<h3 class=\"elementor-heading-title elementor-size-default\">5. Qualidade e Conte\u00fado dos Cursos<\/h3>\t\t\t\t<\/div>\n\t\t\t\t<\/div>\n\t\t\t\t<div class=\"elementor-element elementor-element-5be8e87e elementor-widget elementor-widget-text-editor\" data-id=\"5be8e87e\" data-element_type=\"widget\" data-widget_type=\"text-editor.default\">\n\t\t\t\t<div class=\"elementor-widget-container\">\n\t\t\t\t\t\t\t\t\t<p>Embora fa\u00e7amos uma curadoria cuidadosa para indicar cursos relevantes, n\u00e3o podemos garantir a qualidade, efic\u00e1cia ou sucesso de nenhum curso divulgado.<\/p><ul><li>Eventuais reclama\u00e7\u00f5es sobre o conte\u00fado ou materiais devem ser direcionadas ao produtor ou plataforma de ensino.<\/li><li>N\u00e3o realizamos ajustes, altera\u00e7\u00f5es ou atualiza\u00e7\u00f5es nos cursos divulgados.<\/li><\/ul>\t\t\t\t\t\t\t\t<\/div>\n\t\t\t\t<\/div>\n\t\t\t\t<div class=\"elementor-element elementor-element-20c12569 elementor-widget elementor-widget-heading\" data-id=\"20c12569\" data-element_type=\"widget\" data-widget_type=\"heading.default\">\n\t\t\t\t<div class=\"elementor-widget-container\">\n\t\t\t\t\t<h3 class=\"elementor-heading-title elementor-size-default\">6. Limita\u00e7\u00e3o de Responsabilidade<\/h3>\t\t\t\t<\/div>\n\t\t\t\t<\/div>\n\t\t\t\t<div class=\"elementor-element elementor-element-288802c5 elementor-widget elementor-widget-text-editor\" data-id=\"288802c5\" data-element_type=\"widget\" data-widget_type=\"text-editor.default\">\n\t\t\t\t<div class=\"elementor-widget-container\">\n\t\t\t\t\t\t\t\t\t<p>Ao utilizar o <strong>cursos.contadores.cnt.br<\/strong>, voc\u00ea concorda que:<\/p><ul><li>Nossa plataforma n\u00e3o ser\u00e1 respons\u00e1vel por qualquer problema relacionado ao conte\u00fado dos cursos, suporte, emiss\u00e3o de certificados, qualidade ou resultados obtidos.<\/li><li>N\u00e3o nos responsabilizamos por problemas t\u00e9cnicos ou financeiros relacionados \u00e0 plataforma de terceiros.<\/li><\/ul>\t\t\t\t\t\t\t\t<\/div>\n\t\t\t\t<\/div>\n\t\t\t\t<div class=\"elementor-element elementor-element-59c735e9 elementor-widget elementor-widget-heading\" data-id=\"59c735e9\" data-element_type=\"widget\" data-widget_type=\"heading.default\">\n\t\t\t\t<div class=\"elementor-widget-container\">\n\t\t\t\t\t<h3 class=\"elementor-heading-title elementor-size-default\">7. Links de Afiliados\n<\/h3>\t\t\t\t<\/div>\n\t\t\t\t<\/div>\n\t\t\t\t<div class=\"elementor-element elementor-element-21483fe2 elementor-widget elementor-widget-text-editor\" data-id=\"21483fe2\" data-element_type=\"widget\" data-widget_type=\"text-editor.default\">\n\t\t\t\t<div class=\"elementor-widget-container\">\n\t\t\t\t\t\t\t\t\t<p>Os cursos divulgados na nossa plataforma utilizam links de afiliados, o que significa que recebemos uma comiss\u00e3o por cada venda realizada. Isso <strong>n\u00e3o afeta o pre\u00e7o pago pelo usu\u00e1rio<\/strong> nem implica qualquer custo adicional.<\/p>\t\t\t\t\t\t\t\t<\/div>\n\t\t\t\t<\/div>\n\t\t\t\t<div class=\"elementor-element elementor-element-13cb771a elementor-widget elementor-widget-heading\" data-id=\"13cb771a\" data-element_type=\"widget\" data-widget_type=\"heading.default\">\n\t\t\t\t<div class=\"elementor-widget-container\">\n\t\t\t\t\t<h3 class=\"elementor-heading-title elementor-size-default\">8. Altera\u00e7\u00f5es na Pol\u00edtica<\/h3>\t\t\t\t<\/div>\n\t\t\t\t<\/div>\n\t\t\t\t<div class=\"elementor-element elementor-element-159f2c8e elementor-widget elementor-widget-text-editor\" data-id=\"159f2c8e\" data-element_type=\"widget\" data-widget_type=\"text-editor.default\">\n\t\t\t\t<div class=\"elementor-widget-container\">\n\t\t\t\t\t\t\t\t\t<p>Podemos revisar esta pol\u00edtica periodicamente para refletir mudan\u00e7as nos nossos servi\u00e7os ou em quest\u00f5es legais. Recomendamos que os usu\u00e1rios revisem esta p\u00e1gina regularmente<\/p>\t\t\t\t\t\t\t\t<\/div>\n\t\t\t\t<\/div>\n\t\t\t\t<div class=\"elementor-element elementor-element-5b529b4f elementor-widget elementor-widget-heading\" data-id=\"5b529b4f\" data-element_type=\"widget\" data-widget_type=\"heading.default\">\n\t\t\t\t<div class=\"elementor-widget-container\">\n\t\t\t\t\t<h3 class=\"elementor-heading-title elementor-size-default\">9. Contato<\/h3>\t\t\t\t<\/div>\n\t\t\t\t<\/div>\n\t\t\t\t<div class=\"elementor-element elementor-element-7852cf4d elementor-widget elementor-widget-text-editor\" data-id=\"7852cf4d\" data-element_type=\"widget\" data-widget_type=\"text-editor.default\">\n\t\t\t\t<div class=\"elementor-widget-container\">\n\t\t\t\t\t\t\t\t\t<p>Se voc\u00ea tiver d\u00favidas ou precisar de esclarecimentos, entre em contato conosco:<\/p><ul><li><strong>E-mail:<\/strong>\u00a0<a href=\"mailto:cursos@contadores.cnt.br\">cursos@contadores.cnt.br<\/a><\/li><li><strong>Telefone:<\/strong>\u00a0<a href=\"tel:4135421843\">(41) 3542-1843<\/a><\/li><li><strong>Whatsapp:\u00a0<\/strong><a href=\"https:\/\/api.whatsapp.com\/send\/?phone=5541987045567&amp;text=Ol\u00e1, estou entrando em contato atarv\u00e9s da Pol\u00edtica para Alunos e Usu\u00e1rios do CURSOS CNT, tenho algumas d\u00favidas que precisam ser esclarecidas!\" data-wplink-url-error=\"true\">(41) 98704-5567<\/a><\/li><\/ul>\t\t\t\t\t\t\t\t<\/div>\n\t\t\t\t<\/div>\n\t\t\t\t\t<\/div>\n\t\t\t\t<\/div>\n\t\t\t\t<\/div>\n\t\t","protected":false},"excerpt":{"rendered":"<p>Termos de Uso \u2013 Pol\u00edtica para Alunos e Usu\u00e1rios \u00daltima atualiza\u00e7\u00e3o: 23\/01\/2025 16:04 A privacidade dos nossos usu\u00e1rios \u00e9 uma [&hellip;]<\/p>\n","protected":false},"author":1,"featured_media":0,"parent":0,"menu_order":0,"comment_status":"closed","ping_status":"closed","template":"","meta":{"_acf_changed":false,"footnotes":""},"class_list":["post-218","page","type-page","status-publish","hentry"],"acf":[],"_links":{"self":[{"href":"https:\/\/w3cursos.com.br\/index.php\/wp-json\/wp\/v2\/pages\/218","targetHints":{"allow":["GET"]}}],"collection":[{"href":"https:\/\/w3cursos.com.br\/index.php\/wp-json\/wp\/v2\/pages"}],"about":[{"href":"https:\/\/w3cursos.com.br\/index.php\/wp-json\/wp\/v2\/types\/page"}],"author":[{"embeddable":true,"href":"https:\/\/w3cursos.com.br\/index.php\/wp-json\/wp\/v2\/users\/1"}],"replies":[{"embeddable":true,"href":"https:\/\/w3cursos.com.br\/index.php\/wp-json\/wp\/v2\/comments?post=218"}],"version-history":[{"count":4,"href":"https:\/\/w3cursos.com.br\/index.php\/wp-json\/wp\/v2\/pages\/218\/revisions"}],"predecessor-version":[{"id":328,"href":"https:\/\/w3cursos.com.br\/index.php\/wp-json\/wp\/v2\/pages\/218\/revisions\/328"}],"wp:attachment":[{"href":"https:\/\/w3cursos.com.br\/index.php\/wp-json\/wp\/v2\/media?parent=218"}],"curies":[{"name":"wp","href":"https:\/\/api.w.org\/{rel}","templated":true}]}}