{"id":221,"date":"2025-06-21T01:03:45","date_gmt":"2025-06-21T04:03:45","guid":{"rendered":"https:\/\/w3cursos.com.br\/index.php\/termos-de-uso-politica-para-produtores-de-conteudo\/"},"modified":"2025-06-21T01:03:53","modified_gmt":"2025-06-21T04:03:53","slug":"termos-de-uso-politica-para-produtores-de-conteudo","status":"publish","type":"page","link":"https:\/\/w3cursos.com.br\/index.php\/termos-de-uso-politica-para-produtores-de-conteudo\/","title":{"rendered":"Termos de Uso \u2013 Pol\u00edtica para Produtores de Conte\u00fado"},"content":{"rendered":"\t\t<div data-elementor-type=\"wp-page\" data-elementor-id=\"221\" class=\"elementor elementor-221\" data-elementor-post-type=\"page\">\n\t\t\t\t<div class=\"elementor-element elementor-element-499857d4 e-flex e-con-boxed e-con e-parent\" data-id=\"499857d4\" data-element_type=\"container\">\n\t\t\t\t\t<div class=\"e-con-inner\">\n\t\t\t\t<div class=\"elementor-element elementor-element-6466de5f elementor-widget elementor-widget-heading\" data-id=\"6466de5f\" data-element_type=\"widget\" data-widget_type=\"heading.default\">\n\t\t\t\t<div class=\"elementor-widget-container\">\n\t\t\t\t\t<h2 class=\"elementor-heading-title elementor-size-default\">Termos de Uso \u2013 Pol\u00edtica para Produtores de Conte\u00fado<\/h2>\t\t\t\t<\/div>\n\t\t\t\t<\/div>\n\t\t\t\t<div class=\"elementor-element elementor-element-367aaad3 elementor-widget elementor-widget-text-editor\" data-id=\"367aaad3\" data-element_type=\"widget\" data-widget_type=\"text-editor.default\">\n\t\t\t\t<div class=\"elementor-widget-container\">\n\t\t\t\t\t\t\t\t\t<p><strong>\u00daltima atualiza\u00e7\u00e3o: 23\/01\/2025 17:14<\/strong><\/p><p>Esta se\u00e7\u00e3o \u00e9 destinada aos produtores de conte\u00fado (autores ou respons\u00e1veis por cursos) cujos materiais s\u00e3o promovidos na plataforma <strong>cursos.contadores.cnt.br<\/strong>. Ao autorizar ou permitir a divulga\u00e7\u00e3o de seus cursos, o produtor concorda com os seguintes termos:<\/p>\t\t\t\t\t\t\t\t<\/div>\n\t\t\t\t<\/div>\n\t\t\t\t<div class=\"elementor-element elementor-element-9a8ded7 elementor-widget elementor-widget-heading\" data-id=\"9a8ded7\" data-element_type=\"widget\" data-widget_type=\"heading.default\">\n\t\t\t\t<div class=\"elementor-widget-container\">\n\t\t\t\t\t<h3 class=\"elementor-heading-title elementor-size-default\">1. Como Promovemos os Cursos<\/h3>\t\t\t\t<\/div>\n\t\t\t\t<\/div>\n\t\t\t\t<div class=\"elementor-element elementor-element-1d4629c9 elementor-widget elementor-widget-text-editor\" data-id=\"1d4629c9\" data-element_type=\"widget\" data-widget_type=\"text-editor.default\">\n\t\t\t\t<div class=\"elementor-widget-container\">\n\t\t\t\t\t\t\t\t\t<ul><li>A plataforma <strong>cursos.contadores.cnt.br<\/strong> funciona como uma <strong>vitrine de cursos<\/strong>, divulgando materiais de outras plataformas de ensino.<\/li><li>A promo\u00e7\u00e3o \u00e9 feita por meio de links de afiliados, direcionando os usu\u00e1rios para o site ou plataforma onde o curso \u00e9 oficialmente hospedado.<\/li><li>N\u00e3o armazenamos ou hospedamos conte\u00fados de cursos diretamente na nossa plataforma.<\/li><\/ul>\t\t\t\t\t\t\t\t<\/div>\n\t\t\t\t<\/div>\n\t\t\t\t<div class=\"elementor-element elementor-element-2ff1a210 elementor-widget elementor-widget-heading\" data-id=\"2ff1a210\" data-element_type=\"widget\" data-widget_type=\"heading.default\">\n\t\t\t\t<div class=\"elementor-widget-container\">\n\t\t\t\t\t<h3 class=\"elementor-heading-title elementor-size-default\">2. Dados dos Cursos Promovidos<\/h3>\t\t\t\t<\/div>\n\t\t\t\t<\/div>\n\t\t\t\t<div class=\"elementor-element elementor-element-27a9de7a elementor-widget elementor-widget-text-editor\" data-id=\"27a9de7a\" data-element_type=\"widget\" data-widget_type=\"text-editor.default\">\n\t\t\t\t<div class=\"elementor-widget-container\">\n\t\t\t\t\t\t\t\t\t<ul><li>Utilizamos as informa\u00e7\u00f5es fornecidas nas plataformas externas (como t\u00edtulo do curso, descri\u00e7\u00e3o, p\u00fablico-alvo, etc.) para criar an\u00fancios e recomenda\u00e7\u00f5es em nossa vitrine.<\/li><li>Todo o conte\u00fado relacionado aos cursos \u00e9 de responsabilidade do produtor ou da plataforma que hospeda o curso.<\/li><li>Qualquer altera\u00e7\u00e3o ou corre\u00e7\u00e3o nas informa\u00e7\u00f5es deve ser feita diretamente na plataforma que hospeda o curso.<\/li><\/ul>\t\t\t\t\t\t\t\t<\/div>\n\t\t\t\t<\/div>\n\t\t\t\t<div class=\"elementor-element elementor-element-5aed5c50 elementor-widget elementor-widget-heading\" data-id=\"5aed5c50\" data-element_type=\"widget\" data-widget_type=\"heading.default\">\n\t\t\t\t<div class=\"elementor-widget-container\">\n\t\t\t\t\t<h3 class=\"elementor-heading-title elementor-size-default\">3. Responsabilidade do Produtor<\/h3>\t\t\t\t<\/div>\n\t\t\t\t<\/div>\n\t\t\t\t<div class=\"elementor-element elementor-element-14f292ab elementor-widget elementor-widget-text-editor\" data-id=\"14f292ab\" data-element_type=\"widget\" data-widget_type=\"text-editor.default\">\n\t\t\t\t<div class=\"elementor-widget-container\">\n\t\t\t\t\t\t\t\t\t<ul><li>O produtor \u00e9 respons\u00e1vel por garantir a veracidade e qualidade das informa\u00e7\u00f5es sobre o curso.<\/li><li>\u00c9 obriga\u00e7\u00e3o do produtor garantir que seu curso esteja em conformidade com as leis aplic\u00e1veis, incluindo propriedade intelectual, direitos autorais e prote\u00e7\u00e3o ao consumidor.<\/li><li>O produtor concorda que o <strong>cursos.contadores.cnt.br<\/strong> n\u00e3o se responsabiliza por disputas entre os usu\u00e1rios e os produtores dos cursos.<\/li><\/ul>\t\t\t\t\t\t\t\t<\/div>\n\t\t\t\t<\/div>\n\t\t\t\t<div class=\"elementor-element elementor-element-533f4266 elementor-widget elementor-widget-heading\" data-id=\"533f4266\" data-element_type=\"widget\" data-widget_type=\"heading.default\">\n\t\t\t\t<div class=\"elementor-widget-container\">\n\t\t\t\t\t<h3 class=\"elementor-heading-title elementor-size-default\">4. Uso de Dados<\/h3>\t\t\t\t<\/div>\n\t\t\t\t<\/div>\n\t\t\t\t<div class=\"elementor-element elementor-element-15e24b5d elementor-widget elementor-widget-text-editor\" data-id=\"15e24b5d\" data-element_type=\"widget\" data-widget_type=\"text-editor.default\">\n\t\t\t\t<div class=\"elementor-widget-container\">\n\t\t\t\t\t\t\t\t\t<ul><li>O <strong>cursos.contadores.cnt.br<\/strong> <strong>n\u00e3o coleta dados pessoais diretamente dos usu\u00e1rios para compartilhar com os produtores de conte\u00fado<\/strong>.<\/li><li>O \u00fanico dado relacionado ao produtor \u00e9 a identifica\u00e7\u00e3o do link de afiliado, que \u00e9 usado para rastrear o tr\u00e1fego gerado pela nossa plataforma.<\/li><li>Quaisquer dados coletados durante o processo de compra ou acesso ao curso s\u00e3o de responsabilidade da plataforma onde o curso est\u00e1 hospedado.<\/li><\/ul>\t\t\t\t\t\t\t\t<\/div>\n\t\t\t\t<\/div>\n\t\t\t\t<div class=\"elementor-element elementor-element-78101b11 elementor-widget elementor-widget-heading\" data-id=\"78101b11\" data-element_type=\"widget\" data-widget_type=\"heading.default\">\n\t\t\t\t<div class=\"elementor-widget-container\">\n\t\t\t\t\t<h3 class=\"elementor-heading-title elementor-size-default\">5. Direitos e Propriedade Intelectual<\/h3>\t\t\t\t<\/div>\n\t\t\t\t<\/div>\n\t\t\t\t<div class=\"elementor-element elementor-element-b6de7e6 elementor-widget elementor-widget-text-editor\" data-id=\"b6de7e6\" data-element_type=\"widget\" data-widget_type=\"text-editor.default\">\n\t\t\t\t<div class=\"elementor-widget-container\">\n\t\t\t\t\t\t\t\t\t<ul><li>O <strong>cursos.contadores.cnt.br<\/strong> respeita os direitos de propriedade intelectual dos produtores e n\u00e3o copia, armazena ou distribui o conte\u00fado dos cursos.<\/li><li>Todo o material promocional utilizado na plataforma \u00e9 obtido diretamente da plataforma de hospedagem ou fornecido pelo produtor, com o devido consentimento.<\/li><\/ul>\t\t\t\t\t\t\t\t<\/div>\n\t\t\t\t<\/div>\n\t\t\t\t<div class=\"elementor-element elementor-element-134bac9e elementor-widget elementor-widget-heading\" data-id=\"134bac9e\" data-element_type=\"widget\" data-widget_type=\"heading.default\">\n\t\t\t\t<div class=\"elementor-widget-container\">\n\t\t\t\t\t<h3 class=\"elementor-heading-title elementor-size-default\">6. Exclus\u00e3o ou Altera\u00e7\u00e3o de Cursos Promovidos<\/h3>\t\t\t\t<\/div>\n\t\t\t\t<\/div>\n\t\t\t\t<div class=\"elementor-element elementor-element-2f59d282 elementor-widget elementor-widget-text-editor\" data-id=\"2f59d282\" data-element_type=\"widget\" data-widget_type=\"text-editor.default\">\n\t\t\t\t<div class=\"elementor-widget-container\">\n\t\t\t\t\t\t\t\t\t<p>O <strong>cursos.contadores.cnt.br<\/strong> se reserva o direito de remover cursos da plataforma a qualquer momento, especialmente em casos de:<\/p><ul><li>Reclama\u00e7\u00f5es de usu\u00e1rios sobre a qualidade ou veracidade do curso.<\/li><li>Solicita\u00e7\u00e3o direta do produtor para remo\u00e7\u00e3o do conte\u00fado.<\/li><li>Viola\u00e7\u00e3o de leis ou termos de uso aplic\u00e1veis.<\/li><\/ul>\t\t\t\t\t\t\t\t<\/div>\n\t\t\t\t<\/div>\n\t\t\t\t<div class=\"elementor-element elementor-element-d4f5714 elementor-widget elementor-widget-heading\" data-id=\"d4f5714\" data-element_type=\"widget\" data-widget_type=\"heading.default\">\n\t\t\t\t<div class=\"elementor-widget-container\">\n\t\t\t\t\t<h3 class=\"elementor-heading-title elementor-size-default\">7. Limita\u00e7\u00e3o de Responsabilidade<\/h3>\t\t\t\t<\/div>\n\t\t\t\t<\/div>\n\t\t\t\t<div class=\"elementor-element elementor-element-7f720289 elementor-widget elementor-widget-text-editor\" data-id=\"7f720289\" data-element_type=\"widget\" data-widget_type=\"text-editor.default\">\n\t\t\t\t<div class=\"elementor-widget-container\">\n\t\t\t\t\t\t\t\t\t<ul><li>O <strong>cursos.contadores.cnt.br<\/strong> respeita os direitos de propriedade intelectual dos produtores e n\u00e3o copia, armazena ou distribui o conte\u00fado dos cursos.<\/li><li>Todo o material promocional utilizado na plataforma \u00e9 obtido diretamente da plataforma de hospedagem ou fornecido pelo produtor, com o devido consentimento.<\/li><\/ul>\t\t\t\t\t\t\t\t<\/div>\n\t\t\t\t<\/div>\n\t\t\t\t<div class=\"elementor-element elementor-element-5e2f763b elementor-widget elementor-widget-heading\" data-id=\"5e2f763b\" data-element_type=\"widget\" data-widget_type=\"heading.default\">\n\t\t\t\t<div class=\"elementor-widget-container\">\n\t\t\t\t\t<h3 class=\"elementor-heading-title elementor-size-default\">8. Contato e Altera\u00e7\u00f5es<\/h3>\t\t\t\t<\/div>\n\t\t\t\t<\/div>\n\t\t\t\t<div class=\"elementor-element elementor-element-636a424c elementor-widget elementor-widget-text-editor\" data-id=\"636a424c\" data-element_type=\"widget\" data-widget_type=\"text-editor.default\">\n\t\t\t\t<div class=\"elementor-widget-container\">\n\t\t\t\t\t\t\t\t\t<p>Caso o produtor deseje revisar como seu curso est\u00e1 sendo promovido ou solicitar a remo\u00e7\u00e3o de conte\u00fados, pode entrar em contato conosco.<\/p><ul><li><strong>E-mail:<\/strong>\u00a0<a href=\"mailto:cursos@contadores.cnt.br\">cursos@contadores.cnt.br<\/a><\/li><li><strong>Telefone:<\/strong>\u00a0<a href=\"tel:4135421843\">(41) 3542-1843<\/a><\/li><li><strong>Whatsapp:\u00a0<\/strong><a href=\"https:\/\/api.whatsapp.com\/send\/?phone=5541987045567&amp;text=Ol\u00e1, estou entrando em contato atarv\u00e9s da Pol\u00edtica para Produtores de Conte\u00fado do CURSOS CNT.\">(41) 98704-5567<\/a><\/li><\/ul><p>Estes termos podem ser atualizados periodicamente, e recomendamos que os produtores revisem esta se\u00e7\u00e3o regularmente.<\/p>\t\t\t\t\t\t\t\t<\/div>\n\t\t\t\t<\/div>\n\t\t\t\t\t<\/div>\n\t\t\t\t<\/div>\n\t\t\t\t<\/div>\n\t\t","protected":false},"excerpt":{"rendered":"<p>Termos de Uso \u2013 Pol\u00edtica para Produtores de Conte\u00fado \u00daltima atualiza\u00e7\u00e3o: 23\/01\/2025 17:14 Esta se\u00e7\u00e3o \u00e9 destinada aos produtores de [&hellip;]<\/p>\n","protected":false},"author":1,"featured_media":0,"parent":0,"menu_order":0,"comment_status":"closed","ping_status":"closed","template":"","meta":{"_acf_changed":false,"footnotes":""},"class_list":["post-221","page","type-page","status-publish","hentry"],"acf":[],"_links":{"self":[{"href":"https:\/\/w3cursos.com.br\/index.php\/wp-json\/wp\/v2\/pages\/221","targetHints":{"allow":["GET"]}}],"collection":[{"href":"https:\/\/w3cursos.com.br\/index.php\/wp-json\/wp\/v2\/pages"}],"about":[{"href":"https:\/\/w3cursos.com.br\/index.php\/wp-json\/wp\/v2\/types\/page"}],"author":[{"embeddable":true,"href":"https:\/\/w3cursos.com.br\/index.php\/wp-json\/wp\/v2\/users\/1"}],"replies":[{"embeddable":true,"href":"https:\/\/w3cursos.com.br\/index.php\/wp-json\/wp\/v2\/comments?post=221"}],"version-history":[{"count":4,"href":"https:\/\/w3cursos.com.br\/index.php\/wp-json\/wp\/v2\/pages\/221\/revisions"}],"predecessor-version":[{"id":330,"href":"https:\/\/w3cursos.com.br\/index.php\/wp-json\/wp\/v2\/pages\/221\/revisions\/330"}],"wp:attachment":[{"href":"https:\/\/w3cursos.com.br\/index.php\/wp-json\/wp\/v2\/media?parent=221"}],"curies":[{"name":"wp","href":"https:\/\/api.w.org\/{rel}","templated":true}]}}