{"id":227,"date":"2025-06-21T01:03:46","date_gmt":"2025-06-21T04:03:46","guid":{"rendered":"https:\/\/w3cursos.com.br\/index.php\/politica-de-privacidade-2\/"},"modified":"2025-06-21T01:03:53","modified_gmt":"2025-06-21T04:03:53","slug":"politica-de-privacidade-2","status":"publish","type":"page","link":"https:\/\/w3cursos.com.br\/index.php\/politica-de-privacidade-2\/","title":{"rendered":"Pol\u00edtica de privacidade"},"content":{"rendered":"\t\t<div data-elementor-type=\"wp-page\" data-elementor-id=\"227\" class=\"elementor elementor-227\" data-elementor-post-type=\"page\">\n\t\t\t\t<div class=\"elementor-element elementor-element-23f59ab1 e-flex e-con-boxed e-con e-parent\" data-id=\"23f59ab1\" data-element_type=\"container\">\n\t\t\t\t\t<div class=\"e-con-inner\">\n\t\t\t\t<div class=\"elementor-element elementor-element-333c659e elementor-widget elementor-widget-heading\" data-id=\"333c659e\" data-element_type=\"widget\" data-widget_type=\"heading.default\">\n\t\t\t\t<div class=\"elementor-widget-container\">\n\t\t\t\t\t<h2 class=\"elementor-heading-title elementor-size-default\">Pol\u00edtica de Privacidade<\/h2>\t\t\t\t<\/div>\n\t\t\t\t<\/div>\n\t\t\t\t<div class=\"elementor-element elementor-element-6f76d009 elementor-widget elementor-widget-text-editor\" data-id=\"6f76d009\" data-element_type=\"widget\" data-widget_type=\"text-editor.default\">\n\t\t\t\t<div class=\"elementor-widget-container\">\n\t\t\t\t\t\t\t\t\t<p><strong>\u00daltima atualiza\u00e7\u00e3o: 23\/01\/2025 16:04<\/strong><\/p>\n<p>A privacidade dos nossos usu\u00e1rios \u00e9 uma prioridade para o <strong>cursos.contadores.cnt.br<\/strong>. Esta Pol\u00edtica de Privacidade descreve como utilizamos cookies e dados para melhorar sua experi\u00eancia na plataforma.<\/p>\n<p>Nosso compromisso \u00e9 claro: <strong>n\u00e3o coletamos ou armazenamos informa\u00e7\u00f5es pessoais identific\u00e1veis<\/strong> dos nossos usu\u00e1rios.<\/p>\t\t\t\t\t\t\t\t<\/div>\n\t\t\t\t<\/div>\n\t\t\t\t<div class=\"elementor-element elementor-element-72649992 elementor-widget elementor-widget-heading\" data-id=\"72649992\" data-element_type=\"widget\" data-widget_type=\"heading.default\">\n\t\t\t\t<div class=\"elementor-widget-container\">\n\t\t\t\t\t<h3 class=\"elementor-heading-title elementor-size-default\">1. Dados Coletados<\/h3>\t\t\t\t<\/div>\n\t\t\t\t<\/div>\n\t\t\t\t<div class=\"elementor-element elementor-element-52d83e75 elementor-widget elementor-widget-text-editor\" data-id=\"52d83e75\" data-element_type=\"widget\" data-widget_type=\"text-editor.default\">\n\t\t\t\t<div class=\"elementor-widget-container\">\n\t\t\t\t\t\t\t\t\t<p>A plataforma <strong>cursos.contadores.cnt.br<\/strong> utiliza apenas cookies para:<\/p>\n<ul>\n<li><strong>An\u00e1lise de tr\u00e1fego:<\/strong> Utilizamos ferramentas como Google Analytics para entender como os usu\u00e1rios interagem com nosso site, como p\u00e1ginas visitadas e tempo de perman\u00eancia. Esses dados s\u00e3o <strong>an\u00f4nimos<\/strong> e n\u00e3o identificam voc\u00ea pessoalmente.<\/li>\n<li><strong>Rastreamento de links de afiliados:<\/strong> Ao clicar em links que direcionam para cursos em outras plataformas, utilizamos cookies para identificar o acesso gerado por nossa recomenda\u00e7\u00e3o, garantindo a rastreabilidade de comiss\u00f5es.<\/li>\n<\/ul>\n<p>N\u00e3o coletamos informa\u00e7\u00f5es como nome, e-mail, IP ou quaisquer dados pessoais que possam identificar o usu\u00e1rio.<\/p>\t\t\t\t\t\t\t\t<\/div>\n\t\t\t\t<\/div>\n\t\t\t\t<div class=\"elementor-element elementor-element-74e76797 elementor-widget elementor-widget-heading\" data-id=\"74e76797\" data-element_type=\"widget\" data-widget_type=\"heading.default\">\n\t\t\t\t<div class=\"elementor-widget-container\">\n\t\t\t\t\t<h3 class=\"elementor-heading-title elementor-size-default\">2. Compartilhamento de Dados<\/h3>\t\t\t\t<\/div>\n\t\t\t\t<\/div>\n\t\t\t\t<div class=\"elementor-element elementor-element-40cb0a43 elementor-widget elementor-widget-text-editor\" data-id=\"40cb0a43\" data-element_type=\"widget\" data-widget_type=\"text-editor.default\">\n\t\t\t\t<div class=\"elementor-widget-container\">\n\t\t\t\t\t\t\t\t\t<p>O <strong>cursos.contadores.cnt.br<\/strong>\u00a0<strong>n\u00e3o compartilha nenhum dado de navega\u00e7\u00e3o ou informa\u00e7\u00f5es pessoais com terceiros<\/strong>.<\/p>\n<p>Quando voc\u00ea \u00e9 redirecionado para outras plataformas de cursos, essas empresas possuem suas pr\u00f3prias pol\u00edticas de privacidade. Recomendamos que voc\u00ea leia esses documentos ao acessar os links indicados por n\u00f3s.<\/p>\t\t\t\t\t\t\t\t<\/div>\n\t\t\t\t<\/div>\n\t\t\t\t<div class=\"elementor-element elementor-element-72e5d241 elementor-widget elementor-widget-heading\" data-id=\"72e5d241\" data-element_type=\"widget\" data-widget_type=\"heading.default\">\n\t\t\t\t<div class=\"elementor-widget-container\">\n\t\t\t\t\t<h3 class=\"elementor-heading-title elementor-size-default\">3. Uso de Cookies<\/h3>\t\t\t\t<\/div>\n\t\t\t\t<\/div>\n\t\t\t\t<div class=\"elementor-element elementor-element-67f800e1 elementor-widget elementor-widget-text-editor\" data-id=\"67f800e1\" data-element_type=\"widget\" data-widget_type=\"text-editor.default\">\n\t\t\t\t<div class=\"elementor-widget-container\">\n\t\t\t\t\t\t\t\t\t<p>Cookies s\u00e3o pequenos arquivos armazenados no seu dispositivo para ajudar a melhorar sua experi\u00eancia no site. Utilizamos cookies apenas para:<\/p>\n<ul>\n<li>Monitorar o desempenho do site e identificar melhorias necess\u00e1rias.<\/li>\n<li>Rastrear acessos aos links de afiliados.<\/li>\n<\/ul>\n<p>Voc\u00ea pode desativar os cookies diretamente no seu navegador, mas isso pode impactar algumas funcionalidades da plataforma.<\/p>\t\t\t\t\t\t\t\t<\/div>\n\t\t\t\t<\/div>\n\t\t\t\t<div class=\"elementor-element elementor-element-3c234993 elementor-widget elementor-widget-heading\" data-id=\"3c234993\" data-element_type=\"widget\" data-widget_type=\"heading.default\">\n\t\t\t\t<div class=\"elementor-widget-container\">\n\t\t\t\t\t<h3 class=\"elementor-heading-title elementor-size-default\">4. Seguran\u00e7a das Informa\u00e7\u00f5es<\/h3>\t\t\t\t<\/div>\n\t\t\t\t<\/div>\n\t\t\t\t<div class=\"elementor-element elementor-element-2679a6d2 elementor-widget elementor-widget-text-editor\" data-id=\"2679a6d2\" data-element_type=\"widget\" data-widget_type=\"text-editor.default\">\n\t\t\t\t<div class=\"elementor-widget-container\">\n\t\t\t\t\t\t\t\t\t<p>Mesmo com uma coleta m\u00ednima de dados, adotamos medidas t\u00e9cnicas para garantir que as informa\u00e7\u00f5es an\u00f4nimas coletadas estejam protegidas. N\u00e3o armazenamos ou processamos dados sens\u00edveis ou pessoais.<\/p>\t\t\t\t\t\t\t\t<\/div>\n\t\t\t\t<\/div>\n\t\t\t\t<div class=\"elementor-element elementor-element-2b44123b elementor-widget elementor-widget-heading\" data-id=\"2b44123b\" data-element_type=\"widget\" data-widget_type=\"heading.default\">\n\t\t\t\t<div class=\"elementor-widget-container\">\n\t\t\t\t\t<h3 class=\"elementor-heading-title elementor-size-default\">5. Links para Sites de Terceiros<\/h3>\t\t\t\t<\/div>\n\t\t\t\t<\/div>\n\t\t\t\t<div class=\"elementor-element elementor-element-5ae78e6 elementor-widget elementor-widget-text-editor\" data-id=\"5ae78e6\" data-element_type=\"widget\" data-widget_type=\"text-editor.default\">\n\t\t\t\t<div class=\"elementor-widget-container\">\n\t\t\t\t\t\t\t\t\t<p>A plataforma\u00a0<strong>cursos.contadores.cnt.br<\/strong>\u00a0cont\u00e9m links que direcionam para cursos em plataformas externas. Ap\u00f3s clicar nesses links, o uso dos seus dados ser\u00e1 regido pelas pol\u00edticas de privacidade dessas plataformas, e n\u00e3o mais pela nossa.<\/p>\t\t\t\t\t\t\t\t<\/div>\n\t\t\t\t<\/div>\n\t\t\t\t<div class=\"elementor-element elementor-element-7a3ff9ff elementor-widget elementor-widget-heading\" data-id=\"7a3ff9ff\" data-element_type=\"widget\" data-widget_type=\"heading.default\">\n\t\t\t\t<div class=\"elementor-widget-container\">\n\t\t\t\t\t<h3 class=\"elementor-heading-title elementor-size-default\">6. Altera\u00e7\u00f5es nesta Pol\u00edtica<\/h3>\t\t\t\t<\/div>\n\t\t\t\t<\/div>\n\t\t\t\t<div class=\"elementor-element elementor-element-6fcc63cb elementor-widget elementor-widget-text-editor\" data-id=\"6fcc63cb\" data-element_type=\"widget\" data-widget_type=\"text-editor.default\">\n\t\t\t\t<div class=\"elementor-widget-container\">\n\t\t\t\t\t\t\t\t\t<p>Podemos atualizar esta Pol\u00edtica de Privacidade periodicamente para refletir mudan\u00e7as em nossos servi\u00e7os ou legisla\u00e7\u00f5es aplic\u00e1veis. Recomendamos que voc\u00ea consulte esta p\u00e1gina regularmente para se manter informado.<\/p>\t\t\t\t\t\t\t\t<\/div>\n\t\t\t\t<\/div>\n\t\t\t\t<div class=\"elementor-element elementor-element-4b951be2 elementor-widget elementor-widget-heading\" data-id=\"4b951be2\" data-element_type=\"widget\" data-widget_type=\"heading.default\">\n\t\t\t\t<div class=\"elementor-widget-container\">\n\t\t\t\t\t<h3 class=\"elementor-heading-title elementor-size-default\">7. Contato<\/h3>\t\t\t\t<\/div>\n\t\t\t\t<\/div>\n\t\t\t\t<div class=\"elementor-element elementor-element-48161217 elementor-widget elementor-widget-text-editor\" data-id=\"48161217\" data-element_type=\"widget\" data-widget_type=\"text-editor.default\">\n\t\t\t\t<div class=\"elementor-widget-container\">\n\t\t\t\t\t\t\t\t\t<p>Se voc\u00ea tiver d\u00favidas ou preocupa\u00e7\u00f5es sobre esta Pol\u00edtica de Privacidade, entre em contato conosco:<\/p>\n<ol>\n<li><strong>E-mail:<\/strong>\u00a0<a href=\"mailto:cursos@contadores.cnt.br\">cursos@contadores.cnt.br<\/a><\/li>\n<li><strong>Telefone:<\/strong>\u00a0<a href=\"tel:4135421843\">(41) 3542-1843<\/a><\/li>\n<li><strong>Whatsapp:\u00a0<\/strong><a href=\"https:\/\/api.whatsapp.com\/send\/?phone=5541987045567&amp;text=Ol%C3%A1.+estou+com+d%C3%BAvidas+a+respeito+da+pol%C3%ADtica+de+privacidade+do+CURSOS+CNT&amp;type=phone_number&amp;app_absent=0\">(41) 98704-5567<\/a><\/li>\n<\/ol>\n<p>Encarregados dos Dados: Leonel Bader Neto e Ireno Jo\u00e3o de Campos<\/p>\t\t\t\t\t\t\t\t<\/div>\n\t\t\t\t<\/div>\n\t\t\t\t\t<\/div>\n\t\t\t\t<\/div>\n\t\t\t\t<\/div>\n\t\t","protected":false},"excerpt":{"rendered":"<p>Pol\u00edtica de Privacidade \u00daltima atualiza\u00e7\u00e3o: 23\/01\/2025 16:04 A privacidade dos nossos usu\u00e1rios \u00e9 uma prioridade para o cursos.contadores.cnt.br. Esta Pol\u00edtica [&hellip;]<\/p>\n","protected":false},"author":1,"featured_media":0,"parent":0,"menu_order":0,"comment_status":"closed","ping_status":"closed","template":"","meta":{"_acf_changed":false,"footnotes":""},"class_list":["post-227","page","type-page","status-publish","hentry"],"acf":[],"_links":{"self":[{"href":"https:\/\/w3cursos.com.br\/index.php\/wp-json\/wp\/v2\/pages\/227","targetHints":{"allow":["GET"]}}],"collection":[{"href":"https:\/\/w3cursos.com.br\/index.php\/wp-json\/wp\/v2\/pages"}],"about":[{"href":"https:\/\/w3cursos.com.br\/index.php\/wp-json\/wp\/v2\/types\/page"}],"author":[{"embeddable":true,"href":"https:\/\/w3cursos.com.br\/index.php\/wp-json\/wp\/v2\/users\/1"}],"replies":[{"embeddable":true,"href":"https:\/\/w3cursos.com.br\/index.php\/wp-json\/wp\/v2\/comments?post=227"}],"version-history":[{"count":4,"href":"https:\/\/w3cursos.com.br\/index.php\/wp-json\/wp\/v2\/pages\/227\/revisions"}],"predecessor-version":[{"id":334,"href":"https:\/\/w3cursos.com.br\/index.php\/wp-json\/wp\/v2\/pages\/227\/revisions\/334"}],"wp:attachment":[{"href":"https:\/\/w3cursos.com.br\/index.php\/wp-json\/wp\/v2\/media?parent=227"}],"curies":[{"name":"wp","href":"https:\/\/api.w.org\/{rel}","templated":true}]}}